{"id":1640,"date":"2023-06-29T10:17:51","date_gmt":"2023-06-29T10:17:51","guid":{"rendered":"https:\/\/uoc.practicum.beroni.com\/alexaltes\/?page_id=1640"},"modified":"2023-06-29T10:29:45","modified_gmt":"2023-06-29T10:29:45","slug":"blog","status":"publish","type":"page","link":"https:\/\/uoc.practicum.beroni.com\/alexaltes\/blog\/","title":{"rendered":"Blog"},"content":{"rendered":"<p>[et_pb_section fb_built=&#8221;1&#8243; custom_padding_last_edited=&#8221;on|tablet&#8221; admin_label=&#8221;Blog&#8221; _builder_version=&#8221;4.16&#8243; background_color=&#8221;#f4f4f4&#8243; custom_padding=&#8221;110px||70px|&#8221; custom_padding_tablet=&#8221;60px||0px|&#8221; custom_padding_phone=&#8221;&#8221; global_colors_info=&#8221;{}&#8221;][et_pb_row custom_padding_last_edited=&#8221;on|phone&#8221; admin_label=&#8221;Blog Title&#8221; _builder_version=&#8221;4.16&#8243; background_size=&#8221;initial&#8221; background_position=&#8221;top_left&#8221; background_repeat=&#8221;repeat&#8221; custom_padding=&#8221;30px|0px|120px|0px&#8221; custom_padding_tablet=&#8221;0px||0px|&#8221; custom_padding_phone=&#8221;&#8221; global_colors_info=&#8221;{}&#8221;][et_pb_column type=&#8221;4_4&#8243; _builder_version=&#8221;4.16&#8243; custom_padding=&#8221;|||&#8221; global_colors_info=&#8221;{}&#8221; custom_padding__hover=&#8221;|||&#8221;][et_pb_text admin_label=&#8221;Look Inside Title&#8221; _builder_version=&#8221;4.16&#8243; text_font=&#8221;||||&#8221; text_text_color=&#8221;#1a1a1a&#8221; header_font=&#8221;Oswald|on||on|&#8221; header_text_align=&#8221;center&#8221; header_font_size=&#8221;60px&#8221; header_line_height=&#8221;1.3em&#8221; background_size=&#8221;initial&#8221; background_position=&#8221;top_left&#8221; background_repeat=&#8221;repeat&#8221; max_width=&#8221;450px&#8221; module_alignment=&#8221;center&#8221; custom_margin=&#8221;|||&#8221; custom_padding=&#8221;|||&#8221; animation_style=&#8221;slide&#8221; animation_direction=&#8221;top&#8221; animation_intensity_slide=&#8221;10%&#8221; locked=&#8221;off&#8221; global_colors_info=&#8221;{}&#8221;]<\/p>\n<h1>Our Blog<\/h1>\n<p>[\/et_pb_text][et_pb_divider color=&#8221;#ed4441&#8243; divider_position=&#8221;center&#8221; divider_weight=&#8221;3px&#8221; disabled_on=&#8221;on|on|off%22&#8243; _builder_version=&#8221;4.16&#8243; max_width=&#8221;150px&#8221; module_alignment=&#8221;center&#8221; height=&#8221;false&#8221; custom_margin=&#8221;30px|||&#8221; animation_style=&#8221;slide&#8221; animation_direction=&#8221;top&#8221; animation_delay=&#8221;100ms&#8221; animation_intensity_slide=&#8221;10%&#8221; locked=&#8221;off&#8221; global_colors_info=&#8221;{}&#8221;][\/et_pb_divider][\/et_pb_column][\/et_pb_row][et_pb_row admin_label=&#8221;Posts&#8221; _builder_version=&#8221;4.16&#8243; background_size=&#8221;initial&#8221; background_position=&#8221;top_left&#8221; background_repeat=&#8221;repeat&#8221; custom_padding=&#8221;|||&#8221; global_colors_info=&#8221;{}&#8221;][et_pb_column type=&#8221;4_4&#8243; _builder_version=&#8221;4.16&#8243; custom_padding=&#8221;|||&#8221; global_colors_info=&#8221;{}&#8221; custom_padding__hover=&#8221;|||&#8221;][et_pb_blog fullwidth=&#8221;off&#8221; posts_number=&#8221;9&#8243; show_categories=&#8221;off&#8221; show_pagination=&#8221;off&#8221; masonry_tile_background_color=&#8221;#ffffff&#8221; _builder_version=&#8221;4.16&#8243; header_font=&#8221;Oswald|on||on|&#8221; header_text_color=&#8221;#1a1a1a&#8221; header_font_size=&#8221;24px&#8221; header_line_height=&#8221;1.3em&#8221; body_font=&#8221;Roboto||||&#8221; body_font_size=&#8221;16px&#8221; body_line_height=&#8221;1.9em&#8221; meta_font=&#8221;Roboto||||&#8221; meta_text_color=&#8221;rgba(0,0,0,0.3)&#8221; meta_font_size=&#8221;14px&#8221; animation_style=&#8221;fade&#8221; border_width_all=&#8221;0px&#8221; border_color_all=&#8221;#eaeaea&#8221; border_style_all=&#8221;solid&#8221; border_width_all_fullwidth=&#8221;0px&#8221; border_color_all_fullwidth=&#8221;#eaeaea&#8221; border_style_all_fullwidth=&#8221;solid&#8221; use_border_color=&#8221;on&#8221; border_color=&#8221;#eaeaea&#8221; border_width=&#8221;0px&#8221; global_colors_info=&#8221;{}&#8221;][\/et_pb_blog][\/et_pb_column][\/et_pb_row][\/et_pb_section][et_pb_section fb_built=&#8221;1&#8243; admin_label=&#8221;Promo&#8221; _builder_version=&#8221;4.16&#8243; background_color=&#8221;rgba(0,0,0,0.5)&#8221; background_image=&#8221;https:\/\/uoc.practicum.beroni.com\/alexaltes\/wp-content\/uploads\/sites\/261\/2023\/06\/travel-landscape-17.jpg&#8221; background_blend=&#8221;color&#8221; custom_padding=&#8221;120px||120px|&#8221; global_colors_info=&#8221;{}&#8221;][et_pb_row _builder_version=&#8221;4.16&#8243; custom_margin=&#8221;|||&#8221; global_colors_info=&#8221;{}&#8221;][et_pb_column type=&#8221;4_4&#8243; _builder_version=&#8221;4.16&#8243; custom_padding=&#8221;|||&#8221; global_colors_info=&#8221;{}&#8221; custom_padding__hover=&#8221;|||&#8221;][et_pb_text admin_label=&#8221;CTA Section Subtitle&#8221; _builder_version=&#8221;4.16&#8243; text_font=&#8221;Roboto|on||on|&#8221; text_font_size=&#8221;24px&#8221; text_letter_spacing=&#8221;4px&#8221; background_layout=&#8221;dark&#8221; module_alignment=&#8221;center&#8221; animation_style=&#8221;zoom&#8221; animation_direction=&#8221;left&#8221; animation_intensity_zoom=&#8221;20%&#8221; global_colors_info=&#8221;{}&#8221;]<\/p>\n<p>Our Newsletter<\/p>\n<p>[\/et_pb_text][et_pb_divider color=&#8221;#ffffff&#8221; divider_position=&#8221;center&#8221; divider_weight=&#8221;3px&#8221; disabled_on=&#8221;on|on|off%22&#8243; _builder_version=&#8221;4.16&#8243; max_width=&#8221;150px&#8221; module_alignment=&#8221;left&#8221; height=&#8221;false&#8221; animation_style=&#8221;zoom&#8221; animation_direction=&#8221;left&#8221; animation_delay=&#8221;200ms&#8221; animation_intensity_zoom=&#8221;20%&#8221; locked=&#8221;off&#8221; global_colors_info=&#8221;{}&#8221;][\/et_pb_divider][et_pb_signup mailchimp_list=&#8221;add_new_account&#8221; name_field=&#8221;on&#8221; title=&#8221;Keep In Touch&#8221; description=&#8221; There are many variations of passages of Lorem Ipsum available, but the majority have suffered alteration in some form, by injected humour, or randomised words which don&#8217;t look even slightly believable. If you are going to use a passage of Lorem Ipsum. &#8221; _builder_version=&#8221;4.16&#8243; header_font=&#8221;Oswald|on||on|&#8221; header_font_size=&#8221;60px&#8221; body_font=&#8221;Roboto||||&#8221; body_font_size=&#8221;16px&#8221; body_line_height=&#8221;1.8em&#8221; use_background_color=&#8221;off&#8221; custom_button=&#8221;on&#8221; button_bg_color=&#8221;#ed4441&#8243; button_border_color=&#8221;#ed4441&#8243; button_border_radius=&#8221;0px&#8221; button_letter_spacing=&#8221;4px&#8221; button_font=&#8221;Oswald|on||on|&#8221; button_icon=&#8221;&#x24;||divi||400&#8243; button_icon_color=&#8221;#ffffff&#8221; animation_style=&#8221;fold&#8221; animation_direction=&#8221;top&#8221; animation_delay=&#8221;200ms&#8221; button_border_color_hover=&#8221;#ffffff&#8221; button_border_radius_hover=&#8221;0px&#8221; button_letter_spacing_hover=&#8221;4px&#8221; button_bg_color_hover=&#8221;rgba(0,0,0,0)&#8221; locked=&#8221;off&#8221; global_colors_info=&#8221;{}&#8221; button_text_size__hover_enabled=&#8221;off&#8221; button_one_text_size__hover_enabled=&#8221;off&#8221; button_two_text_size__hover_enabled=&#8221;off&#8221; button_text_color__hover_enabled=&#8221;off&#8221; button_one_text_color__hover_enabled=&#8221;off&#8221; button_two_text_color__hover_enabled=&#8221;off&#8221; button_border_width__hover_enabled=&#8221;off&#8221; button_one_border_width__hover_enabled=&#8221;off&#8221; button_two_border_width__hover_enabled=&#8221;off&#8221; button_border_color__hover_enabled=&#8221;on&#8221; button_border_color__hover=&#8221;#ffffff&#8221; button_one_border_color__hover_enabled=&#8221;off&#8221; button_two_border_color__hover_enabled=&#8221;off&#8221; button_border_radius__hover_enabled=&#8221;on&#8221; button_border_radius__hover=&#8221;0px&#8221; button_one_border_radius__hover_enabled=&#8221;off&#8221; button_two_border_radius__hover_enabled=&#8221;off&#8221; button_letter_spacing__hover_enabled=&#8221;on&#8221; button_letter_spacing__hover=&#8221;4px&#8221; button_one_letter_spacing__hover_enabled=&#8221;off&#8221; button_two_letter_spacing__hover_enabled=&#8221;off&#8221; button_bg_color__hover_enabled=&#8221;on&#8221; button_bg_color__hover=&#8221;rgba(0,0,0,0)&#8221; button_one_bg_color__hover_enabled=&#8221;off&#8221; button_two_bg_color__hover_enabled=&#8221;off&#8221;] There are many variations of passages of Lorem Ipsum available, but the majority have suffered alteration in some form, by injected humour, or randomised words which don&#8217;t look even slightly believable. If you are going to use a passage of Lorem Ipsum. [\/et_pb_signup][\/et_pb_column][\/et_pb_row][\/et_pb_section]<\/p>\n","protected":false},"excerpt":{"rendered":"<p>Our BlogOur Newsletter There are many variations of passages of Lorem Ipsum available, but the majority have suffered alteration in some form, by injected humour, or randomised words which don&#8217;t look even slightly believable. If you are going to use a passage of Lorem Ipsum.<\/p>\n","protected":false},"author":1,"featured_media":0,"parent":0,"menu_order":0,"comment_status":"closed","ping_status":"closed","template":"","meta":{"_et_pb_use_builder":"on","_et_pb_old_content":"","_et_gb_content_width":"","footnotes":""},"class_list":["post-1640","page","type-page","status-publish","hentry"],"yoast_head":"<!-- This site is optimized with the Yoast SEO plugin v27.1.1 - https:\/\/yoast.com\/product\/yoast-seo-wordpress\/ -->\n<title>Blog - Alex Altes<\/title>\n<meta name=\"robots\" content=\"index, follow, max-snippet:-1, max-image-preview:large, max-video-preview:-1\" \/>\n<link rel=\"canonical\" href=\"https:\/\/uoc.practicum.beroni.com\/alexaltes\/blog\/\" \/>\n<meta property=\"og:locale\" content=\"es_ES\" \/>\n<meta property=\"og:type\" content=\"article\" \/>\n<meta property=\"og:title\" content=\"Blog - Alex Altes\" \/>\n<meta property=\"og:description\" content=\"Our BlogOur Newsletter There are many variations of passages of Lorem Ipsum available, but the majority have suffered alteration in some form, by injected humour, or randomised words which don&#039;t look even slightly believable. If you are going to use a passage of Lorem Ipsum.\" \/>\n<meta property=\"og:url\" content=\"https:\/\/uoc.practicum.beroni.com\/alexaltes\/blog\/\" \/>\n<meta property=\"og:site_name\" content=\"Alex Altes\" \/>\n<meta property=\"article:publisher\" content=\"https:\/\/www.facebook.com\/UOC.universitat\/?locale=es_ES\" \/>\n<meta property=\"article:modified_time\" content=\"2023-06-29T10:29:45+00:00\" \/>\n<meta name=\"twitter:card\" content=\"summary_large_image\" \/>\n<meta name=\"twitter:label1\" content=\"Tiempo de lectura\" \/>\n\t<meta name=\"twitter:data1\" content=\"4 minutos\" \/>\n<script type=\"application\/ld+json\" class=\"yoast-schema-graph\">{\"@context\":\"https:\/\/schema.org\",\"@graph\":[{\"@type\":\"WebPage\",\"@id\":\"https:\/\/uoc.practicum.beroni.com\/alexaltes\/blog\/\",\"url\":\"https:\/\/uoc.practicum.beroni.com\/alexaltes\/blog\/\",\"name\":\"Blog - Alex Altes\",\"isPartOf\":{\"@id\":\"https:\/\/uoc.practicum.beroni.com\/alexaltes\/#website\"},\"datePublished\":\"2023-06-29T10:17:51+00:00\",\"dateModified\":\"2023-06-29T10:29:45+00:00\",\"breadcrumb\":{\"@id\":\"https:\/\/uoc.practicum.beroni.com\/alexaltes\/blog\/#breadcrumb\"},\"inLanguage\":\"es\",\"potentialAction\":[{\"@type\":\"ReadAction\",\"target\":[\"https:\/\/uoc.practicum.beroni.com\/alexaltes\/blog\/\"]}]},{\"@type\":\"BreadcrumbList\",\"@id\":\"https:\/\/uoc.practicum.beroni.com\/alexaltes\/blog\/#breadcrumb\",\"itemListElement\":[{\"@type\":\"ListItem\",\"position\":1,\"name\":\"Portada\",\"item\":\"https:\/\/uoc.practicum.beroni.com\/alexaltes\/\"},{\"@type\":\"ListItem\",\"position\":2,\"name\":\"Blog\"}]},{\"@type\":\"WebSite\",\"@id\":\"https:\/\/uoc.practicum.beroni.com\/alexaltes\/#website\",\"url\":\"https:\/\/uoc.practicum.beroni.com\/alexaltes\/\",\"name\":\"Alex Altes\",\"description\":\"Ag\u00e8ncia Pastura impulsa un turisme rural m\u00e9s conscient connectant projectes del camp amb persones que volen viure experi\u00e8ncies aut\u00e8ntiques i sostenibles\",\"potentialAction\":[{\"@type\":\"SearchAction\",\"target\":{\"@type\":\"EntryPoint\",\"urlTemplate\":\"https:\/\/uoc.practicum.beroni.com\/alexaltes\/?s={search_term_string}\"},\"query-input\":{\"@type\":\"PropertyValueSpecification\",\"valueRequired\":true,\"valueName\":\"search_term_string\"}}],\"inLanguage\":\"es\"}]}<\/script>\n<!-- \/ Yoast SEO plugin. -->","yoast_head_json":{"title":"Blog - Alex Altes","robots":{"index":"index","follow":"follow","max-snippet":"max-snippet:-1","max-image-preview":"max-image-preview:large","max-video-preview":"max-video-preview:-1"},"canonical":"https:\/\/uoc.practicum.beroni.com\/alexaltes\/blog\/","og_locale":"es_ES","og_type":"article","og_title":"Blog - Alex Altes","og_description":"Our BlogOur Newsletter There are many variations of passages of Lorem Ipsum available, but the majority have suffered alteration in some form, by injected humour, or randomised words which don't look even slightly believable. If you are going to use a passage of Lorem Ipsum.","og_url":"https:\/\/uoc.practicum.beroni.com\/alexaltes\/blog\/","og_site_name":"Alex Altes","article_publisher":"https:\/\/www.facebook.com\/UOC.universitat\/?locale=es_ES","article_modified_time":"2023-06-29T10:29:45+00:00","twitter_card":"summary_large_image","twitter_misc":{"Tiempo de lectura":"4 minutos"},"schema":{"@context":"https:\/\/schema.org","@graph":[{"@type":"WebPage","@id":"https:\/\/uoc.practicum.beroni.com\/alexaltes\/blog\/","url":"https:\/\/uoc.practicum.beroni.com\/alexaltes\/blog\/","name":"Blog - Alex Altes","isPartOf":{"@id":"https:\/\/uoc.practicum.beroni.com\/alexaltes\/#website"},"datePublished":"2023-06-29T10:17:51+00:00","dateModified":"2023-06-29T10:29:45+00:00","breadcrumb":{"@id":"https:\/\/uoc.practicum.beroni.com\/alexaltes\/blog\/#breadcrumb"},"inLanguage":"es","potentialAction":[{"@type":"ReadAction","target":["https:\/\/uoc.practicum.beroni.com\/alexaltes\/blog\/"]}]},{"@type":"BreadcrumbList","@id":"https:\/\/uoc.practicum.beroni.com\/alexaltes\/blog\/#breadcrumb","itemListElement":[{"@type":"ListItem","position":1,"name":"Portada","item":"https:\/\/uoc.practicum.beroni.com\/alexaltes\/"},{"@type":"ListItem","position":2,"name":"Blog"}]},{"@type":"WebSite","@id":"https:\/\/uoc.practicum.beroni.com\/alexaltes\/#website","url":"https:\/\/uoc.practicum.beroni.com\/alexaltes\/","name":"Alex Altes","description":"Ag\u00e8ncia Pastura impulsa un turisme rural m\u00e9s conscient connectant projectes del camp amb persones que volen viure experi\u00e8ncies aut\u00e8ntiques i sostenibles","potentialAction":[{"@type":"SearchAction","target":{"@type":"EntryPoint","urlTemplate":"https:\/\/uoc.practicum.beroni.com\/alexaltes\/?s={search_term_string}"},"query-input":{"@type":"PropertyValueSpecification","valueRequired":true,"valueName":"search_term_string"}}],"inLanguage":"es"}]}},"_links":{"self":[{"href":"https:\/\/uoc.practicum.beroni.com\/alexaltes\/wp-json\/wp\/v2\/pages\/1640","targetHints":{"allow":["GET"]}}],"collection":[{"href":"https:\/\/uoc.practicum.beroni.com\/alexaltes\/wp-json\/wp\/v2\/pages"}],"about":[{"href":"https:\/\/uoc.practicum.beroni.com\/alexaltes\/wp-json\/wp\/v2\/types\/page"}],"author":[{"embeddable":true,"href":"https:\/\/uoc.practicum.beroni.com\/alexaltes\/wp-json\/wp\/v2\/users\/1"}],"replies":[{"embeddable":true,"href":"https:\/\/uoc.practicum.beroni.com\/alexaltes\/wp-json\/wp\/v2\/comments?post=1640"}],"version-history":[{"count":3,"href":"https:\/\/uoc.practicum.beroni.com\/alexaltes\/wp-json\/wp\/v2\/pages\/1640\/revisions"}],"predecessor-version":[{"id":1667,"href":"https:\/\/uoc.practicum.beroni.com\/alexaltes\/wp-json\/wp\/v2\/pages\/1640\/revisions\/1667"}],"wp:attachment":[{"href":"https:\/\/uoc.practicum.beroni.com\/alexaltes\/wp-json\/wp\/v2\/media?parent=1640"}],"curies":[{"name":"wp","href":"https:\/\/api.w.org\/{rel}","templated":true}]}}