{"id":2076,"date":"2026-03-31T15:53:24","date_gmt":"2026-03-31T15:53:24","guid":{"rendered":"https:\/\/uoc.practicum.beroni.com\/alexaltes\/?page_id=2076"},"modified":"2026-05-14T14:32:40","modified_gmt":"2026-05-14T14:32:40","slug":"politica-i-privacitat","status":"publish","type":"page","link":"https:\/\/uoc.practicum.beroni.com\/alexaltes\/politica-i-privacitat\/","title":{"rendered":"POL\u00cdTICA I PRIVACITAT"},"content":{"rendered":"<h2 class=\"ql-heading\" data-collapsable-block=\"true\" data-collapse-state=\"expanded\">POL\u00cdTICA DE PRIVACITAT<\/h2>\n<p><strong>1. Responsable del tractament<\/strong><\/p>\n<p>Pastura | Ag\u00e8ncia Rural (projecte acad\u00e8mic)<\/p>\n<p>C\/ Bisbe Lorenzana, 24, 17800 Olot<\/p>\n<p>+34 690 68 98 10<\/p>\n<p><a href=\"mailto:INFO@PASTURA.COM\" target=\"_blank\" rel=\"noreferrer noopener\" data-link-card=\"true\" data-via=\"ai\">info@pastura.com<\/a><\/p>\n<p><strong>2. Dades que es poden recollir<\/strong><\/p>\n<ul class=\"ql-rendered-list-container\" data-test=\"rendered-list-container\" data-is-root=\"true\">\n<li class=\"ql-rendered-bullet-list\" data-test=\"rendered-list-item-bullet\">Nom i cognoms<\/li>\n<li class=\"ql-rendered-bullet-list\" data-test=\"rendered-list-item-bullet\">Correu electr\u00f2nic<\/li>\n<li class=\"ql-rendered-bullet-list\" data-test=\"rendered-list-item-bullet\">Tel\u00e8fon (opcional)<\/li>\n<li class=\"ql-rendered-bullet-list\" data-test=\"rendered-list-item-bullet\">Missatge (prefer\u00e8ncies, dates orientatives, perfil fam\u00edlia\/parella)<\/li>\n<\/ul>\n<p>Tamb\u00e9 es poden recollir dades t\u00e8cniques m\u00ednimes (IP\/navegador) amb finalitat de seguretat i funcionament.<\/p>\n<p><strong>3. Finalitats<\/strong><\/p>\n<ul class=\"ql-rendered-list-container\" data-test=\"rendered-list-container\" data-is-root=\"true\">\n<li class=\"ql-rendered-bullet-list\" data-test=\"rendered-list-item-bullet\">Respondre consultes i sol\u00b7licituds d\u2019informaci\u00f3.<\/li>\n<li class=\"ql-rendered-bullet-list\" data-test=\"rendered-list-item-bullet\">Gestionar comunicacions relacionades amb el cat\u00e0leg (simulaci\u00f3 acad\u00e8mica).<\/li>\n<li class=\"ql-rendered-bullet-list\" data-test=\"rendered-list-item-bullet\">Millorar el web i prevenir usos indeguts.<\/li>\n<\/ul>\n<p><strong>4. Base legal<\/strong><\/p>\n<p>Consentiment de l\u2019usuari en enviar el formulari o correu, i inter\u00e8s leg\u00edtim per seguretat del web.<\/p>\n<p><strong>5. Conservaci\u00f3<\/strong><\/p>\n<p>Les dades es conservaran el temps necessari per gestionar la consulta i, posteriorment, durant un per\u00edode raonable, tret que l\u2019usuari demani la supressi\u00f3.<\/p>\n<p><strong>6. Destinataris<\/strong><\/p>\n<p>No se cediran dades a tercers excepte obligaci\u00f3 legal. Poden intervenir prove\u00efdors tecnol\u00f2gics (hosting, plugins) com a encarregats del tractament.<\/p>\n<p><strong>7. Drets<\/strong><\/p>\n<p>Pots exercir els drets d\u2019acc\u00e9s, rectificaci\u00f3, supressi\u00f3, oposici\u00f3, limitaci\u00f3 i portabilitat enviant un correu a <a href=\"mailto:INFO@PASTURA.COM\" target=\"_blank\" rel=\"noreferrer noopener\" data-link-card=\"true\" data-via=\"ai\">info@pastura.com<\/a>.<\/p>\n<p><strong>8. Reclamacions<\/strong><\/p>\n<p>Es pot reclamar davant l\u2019AEPD si es considera que el tractament no \u00e9s correcte.<\/p>\n","protected":false},"excerpt":{"rendered":"<p>POL\u00cdTICA DE PRIVACITAT 1. Responsable del tractament Pastura | Ag\u00e8ncia Rural (projecte acad\u00e8mic) C\/ Bisbe Lorenzana, 24, 17800 Olot +34 690 68 98 10 info@pastura.com 2. Dades que es poden recollir Nom i cognoms Correu electr\u00f2nic Tel\u00e8fon (opcional) Missatge (prefer\u00e8ncies, dates orientatives, perfil fam\u00edlia\/parella) Tamb\u00e9 es poden recollir dades t\u00e8cniques m\u00ednimes (IP\/navegador) amb finalitat de [&hellip;]<\/p>\n","protected":false},"author":236,"featured_media":0,"parent":0,"menu_order":0,"comment_status":"closed","ping_status":"closed","template":"","meta":{"_et_pb_use_builder":"off","_et_pb_old_content":"","_et_gb_content_width":"","footnotes":""},"class_list":["post-2076","page","type-page","status-publish","hentry"],"yoast_head":"<!-- This site is optimized with the Yoast SEO plugin v27.1.1 - https:\/\/yoast.com\/product\/yoast-seo-wordpress\/ -->\n<title>POL\u00cdTICA I PRIVACITAT - Alex Altes<\/title>\n<meta name=\"robots\" content=\"index, follow, max-snippet:-1, max-image-preview:large, max-video-preview:-1\" \/>\n<link rel=\"canonical\" href=\"https:\/\/uoc.practicum.beroni.com\/alexaltes\/politica-i-privacitat\/\" \/>\n<meta property=\"og:locale\" content=\"es_ES\" \/>\n<meta property=\"og:type\" content=\"article\" \/>\n<meta property=\"og:title\" content=\"POL\u00cdTICA I PRIVACITAT - Alex Altes\" \/>\n<meta property=\"og:description\" content=\"POL\u00cdTICA DE PRIVACITAT 1. Responsable del tractament Pastura | Ag\u00e8ncia Rural (projecte acad\u00e8mic) C\/ Bisbe Lorenzana, 24, 17800 Olot +34 690 68 98 10 info@pastura.com 2. Dades que es poden recollir Nom i cognoms Correu electr\u00f2nic Tel\u00e8fon (opcional) Missatge (prefer\u00e8ncies, dates orientatives, perfil fam\u00edlia\/parella) Tamb\u00e9 es poden recollir dades t\u00e8cniques m\u00ednimes (IP\/navegador) amb finalitat de [&hellip;]\" \/>\n<meta property=\"og:url\" content=\"https:\/\/uoc.practicum.beroni.com\/alexaltes\/politica-i-privacitat\/\" \/>\n<meta property=\"og:site_name\" content=\"Alex Altes\" \/>\n<meta property=\"article:publisher\" content=\"https:\/\/www.facebook.com\/UOC.universitat\/?locale=es_ES\" \/>\n<meta property=\"article:modified_time\" content=\"2026-05-14T14:32:40+00:00\" \/>\n<meta name=\"twitter:card\" content=\"summary_large_image\" \/>\n<meta name=\"twitter:label1\" content=\"Tiempo de lectura\" \/>\n\t<meta name=\"twitter:data1\" content=\"1 minuto\" \/>\n<script type=\"application\/ld+json\" class=\"yoast-schema-graph\">{\"@context\":\"https:\/\/schema.org\",\"@graph\":[{\"@type\":\"WebPage\",\"@id\":\"https:\/\/uoc.practicum.beroni.com\/alexaltes\/politica-i-privacitat\/\",\"url\":\"https:\/\/uoc.practicum.beroni.com\/alexaltes\/politica-i-privacitat\/\",\"name\":\"POL\u00cdTICA I PRIVACITAT - Alex Altes\",\"isPartOf\":{\"@id\":\"https:\/\/uoc.practicum.beroni.com\/alexaltes\/#website\"},\"datePublished\":\"2026-03-31T15:53:24+00:00\",\"dateModified\":\"2026-05-14T14:32:40+00:00\",\"breadcrumb\":{\"@id\":\"https:\/\/uoc.practicum.beroni.com\/alexaltes\/politica-i-privacitat\/#breadcrumb\"},\"inLanguage\":\"es\",\"potentialAction\":[{\"@type\":\"ReadAction\",\"target\":[\"https:\/\/uoc.practicum.beroni.com\/alexaltes\/politica-i-privacitat\/\"]}]},{\"@type\":\"BreadcrumbList\",\"@id\":\"https:\/\/uoc.practicum.beroni.com\/alexaltes\/politica-i-privacitat\/#breadcrumb\",\"itemListElement\":[{\"@type\":\"ListItem\",\"position\":1,\"name\":\"Portada\",\"item\":\"https:\/\/uoc.practicum.beroni.com\/alexaltes\/\"},{\"@type\":\"ListItem\",\"position\":2,\"name\":\"POL\u00cdTICA I PRIVACITAT\"}]},{\"@type\":\"WebSite\",\"@id\":\"https:\/\/uoc.practicum.beroni.com\/alexaltes\/#website\",\"url\":\"https:\/\/uoc.practicum.beroni.com\/alexaltes\/\",\"name\":\"Alex Altes\",\"description\":\"Ag\u00e8ncia Pastura impulsa un turisme rural m\u00e9s conscient connectant projectes del camp amb persones que volen viure experi\u00e8ncies aut\u00e8ntiques i sostenibles\",\"potentialAction\":[{\"@type\":\"SearchAction\",\"target\":{\"@type\":\"EntryPoint\",\"urlTemplate\":\"https:\/\/uoc.practicum.beroni.com\/alexaltes\/?s={search_term_string}\"},\"query-input\":{\"@type\":\"PropertyValueSpecification\",\"valueRequired\":true,\"valueName\":\"search_term_string\"}}],\"inLanguage\":\"es\"}]}<\/script>\n<!-- \/ Yoast SEO plugin. -->","yoast_head_json":{"title":"POL\u00cdTICA I PRIVACITAT - Alex Altes","robots":{"index":"index","follow":"follow","max-snippet":"max-snippet:-1","max-image-preview":"max-image-preview:large","max-video-preview":"max-video-preview:-1"},"canonical":"https:\/\/uoc.practicum.beroni.com\/alexaltes\/politica-i-privacitat\/","og_locale":"es_ES","og_type":"article","og_title":"POL\u00cdTICA I PRIVACITAT - Alex Altes","og_description":"POL\u00cdTICA DE PRIVACITAT 1. Responsable del tractament Pastura | Ag\u00e8ncia Rural (projecte acad\u00e8mic) C\/ Bisbe Lorenzana, 24, 17800 Olot +34 690 68 98 10 info@pastura.com 2. Dades que es poden recollir Nom i cognoms Correu electr\u00f2nic Tel\u00e8fon (opcional) Missatge (prefer\u00e8ncies, dates orientatives, perfil fam\u00edlia\/parella) Tamb\u00e9 es poden recollir dades t\u00e8cniques m\u00ednimes (IP\/navegador) amb finalitat de [&hellip;]","og_url":"https:\/\/uoc.practicum.beroni.com\/alexaltes\/politica-i-privacitat\/","og_site_name":"Alex Altes","article_publisher":"https:\/\/www.facebook.com\/UOC.universitat\/?locale=es_ES","article_modified_time":"2026-05-14T14:32:40+00:00","twitter_card":"summary_large_image","twitter_misc":{"Tiempo de lectura":"1 minuto"},"schema":{"@context":"https:\/\/schema.org","@graph":[{"@type":"WebPage","@id":"https:\/\/uoc.practicum.beroni.com\/alexaltes\/politica-i-privacitat\/","url":"https:\/\/uoc.practicum.beroni.com\/alexaltes\/politica-i-privacitat\/","name":"POL\u00cdTICA I PRIVACITAT - Alex Altes","isPartOf":{"@id":"https:\/\/uoc.practicum.beroni.com\/alexaltes\/#website"},"datePublished":"2026-03-31T15:53:24+00:00","dateModified":"2026-05-14T14:32:40+00:00","breadcrumb":{"@id":"https:\/\/uoc.practicum.beroni.com\/alexaltes\/politica-i-privacitat\/#breadcrumb"},"inLanguage":"es","potentialAction":[{"@type":"ReadAction","target":["https:\/\/uoc.practicum.beroni.com\/alexaltes\/politica-i-privacitat\/"]}]},{"@type":"BreadcrumbList","@id":"https:\/\/uoc.practicum.beroni.com\/alexaltes\/politica-i-privacitat\/#breadcrumb","itemListElement":[{"@type":"ListItem","position":1,"name":"Portada","item":"https:\/\/uoc.practicum.beroni.com\/alexaltes\/"},{"@type":"ListItem","position":2,"name":"POL\u00cdTICA I PRIVACITAT"}]},{"@type":"WebSite","@id":"https:\/\/uoc.practicum.beroni.com\/alexaltes\/#website","url":"https:\/\/uoc.practicum.beroni.com\/alexaltes\/","name":"Alex Altes","description":"Ag\u00e8ncia Pastura impulsa un turisme rural m\u00e9s conscient connectant projectes del camp amb persones que volen viure experi\u00e8ncies aut\u00e8ntiques i sostenibles","potentialAction":[{"@type":"SearchAction","target":{"@type":"EntryPoint","urlTemplate":"https:\/\/uoc.practicum.beroni.com\/alexaltes\/?s={search_term_string}"},"query-input":{"@type":"PropertyValueSpecification","valueRequired":true,"valueName":"search_term_string"}}],"inLanguage":"es"}]}},"_links":{"self":[{"href":"https:\/\/uoc.practicum.beroni.com\/alexaltes\/wp-json\/wp\/v2\/pages\/2076","targetHints":{"allow":["GET"]}}],"collection":[{"href":"https:\/\/uoc.practicum.beroni.com\/alexaltes\/wp-json\/wp\/v2\/pages"}],"about":[{"href":"https:\/\/uoc.practicum.beroni.com\/alexaltes\/wp-json\/wp\/v2\/types\/page"}],"author":[{"embeddable":true,"href":"https:\/\/uoc.practicum.beroni.com\/alexaltes\/wp-json\/wp\/v2\/users\/236"}],"replies":[{"embeddable":true,"href":"https:\/\/uoc.practicum.beroni.com\/alexaltes\/wp-json\/wp\/v2\/comments?post=2076"}],"version-history":[{"count":4,"href":"https:\/\/uoc.practicum.beroni.com\/alexaltes\/wp-json\/wp\/v2\/pages\/2076\/revisions"}],"predecessor-version":[{"id":2383,"href":"https:\/\/uoc.practicum.beroni.com\/alexaltes\/wp-json\/wp\/v2\/pages\/2076\/revisions\/2383"}],"wp:attachment":[{"href":"https:\/\/uoc.practicum.beroni.com\/alexaltes\/wp-json\/wp\/v2\/media?parent=2076"}],"curies":[{"name":"wp","href":"https:\/\/api.w.org\/{rel}","templated":true}]}}