{"id":2077,"date":"2026-03-31T15:53:24","date_gmt":"2026-03-31T15:53:24","guid":{"rendered":"https:\/\/uoc.practicum.beroni.com\/alexaltes\/?page_id=2077"},"modified":"2026-05-14T14:31:46","modified_gmt":"2026-05-14T14:31:46","slug":"avis-legal","status":"publish","type":"page","link":"https:\/\/uoc.practicum.beroni.com\/alexaltes\/avis-legal\/","title":{"rendered":"AV\u00cdS LEGAL"},"content":{"rendered":"<p><strong>AV\u00cdS LEGAL<\/strong><\/p>\n<p><strong>1. Titularitat del lloc web<\/strong><\/p>\n<p>Aquest lloc web correspon a:<\/p>\n<ul class=\"ql-rendered-list-container\" data-test=\"rendered-list-container\" data-is-root=\"true\">\n<li class=\"ql-rendered-bullet-list\" data-test=\"rendered-list-item-bullet\"><strong>Nom comercial:<\/strong> Pastura | Ag\u00e8ncia Rural<\/li>\n<li class=\"ql-rendered-bullet-list\" data-test=\"rendered-list-item-bullet\"><strong>Naturalesa:<\/strong> Projecte acad\u00e8mic (simulaci\u00f3)<\/li>\n<li class=\"ql-rendered-bullet-list\" data-test=\"rendered-list-item-bullet\"><strong>Adre\u00e7a de contacte:<\/strong> C\/ Bisbe Lorenzana, 24, 17800 Olot<\/li>\n<li class=\"ql-rendered-bullet-list\" data-test=\"rendered-list-item-bullet\"><strong>Tel\u00e8fon:<\/strong> +34 690 68 98 10<\/li>\n<li class=\"ql-rendered-bullet-list\" data-test=\"rendered-list-item-bullet\"><strong>Correu electr\u00f2nic:<\/strong> <a href=\"mailto:INFO@PASTURA.COM\" target=\"_blank\" rel=\"noreferrer noopener\" data-link-card=\"true\" data-via=\"ai\">info@pastura.com<\/a><\/li>\n<li class=\"ql-rendered-bullet-list\" data-test=\"rendered-list-item-bullet\"><strong>NIF\/CIF:<\/strong> No aplicable (projecte acad\u00e8mic)<\/li>\n<\/ul>\n<p><strong>2. Objecte del lloc web<\/strong><\/p>\n<p>L\u2019objectiu d\u2019aquest web \u00e9s presentar la proposta de Pastura | Ag\u00e8ncia Rural i el seu cat\u00e0leg d\u2019experi\u00e8ncies rurals sostenibles, aix\u00ed com facilitar un canal de contacte per consultes informatives i sol\u00b7licituds.<\/p>\n<p><strong>3. Condicions d\u2019\u00fas<\/strong><\/p>\n<p>L\u2019acc\u00e9s i \u00fas del web atribueix la condici\u00f3 d\u2019usuari i implica l\u2019acceptaci\u00f3 del present Av\u00eds legal. L\u2019usuari es compromet a fer un \u00fas adequat del web i a no emprar-lo per a finalitats il\u00b7l\u00edcites, contr\u00e0ries a la bona fe o que puguin danyar el web o tercers.<\/p>\n<p><strong>4. Propietat intel\u00b7lectual i industrial<\/strong><\/p>\n<p>Els continguts (textos, disseny, logotip, imatges i materials) estan protegits per la normativa de propietat intel\u00b7lectual i industrial. Queda prohibida la reproducci\u00f3 o distribuci\u00f3 sense autoritzaci\u00f3, excepte quan la llei ho permeti. Les imatges o recursos de tercers s\u2019utilitzen amb atribuci\u00f3 o segons la llic\u00e8ncia corresponent quan s\u2019indica.<\/p>\n<p><strong>5. Responsabilitat<\/strong><\/p>\n<p>Pastura | Ag\u00e8ncia Rural no garanteix la inexist\u00e8ncia d\u2019errors o interrupcions, per\u00f2 procurar\u00e0 corregir-los. No es fa responsable de l\u2019\u00fas que els usuaris facin de la informaci\u00f3 publicada ni de possibles danys derivats de l\u2019\u00fas del web.<\/p>\n<p><strong>6. Enlla\u00e7os a tercers<\/strong><\/p>\n<p>El web pot incloure enlla\u00e7os a llocs de tercers. Pastura | Ag\u00e8ncia Rural no \u00e9s responsable del seu contingut, pol\u00edtiques o pr\u00e0ctiques.<\/p>\n<p><strong>7. Legislaci\u00f3 aplicable<\/strong><\/p>\n<p>Aquest Av\u00eds legal es regeix per la normativa espanyola.<\/p>\n","protected":false},"excerpt":{"rendered":"<p>AV\u00cdS LEGAL 1. Titularitat del lloc web Aquest lloc web correspon a: Nom comercial: Pastura | Ag\u00e8ncia Rural Naturalesa: Projecte acad\u00e8mic (simulaci\u00f3) Adre\u00e7a de contacte: C\/ Bisbe Lorenzana, 24, 17800 Olot Tel\u00e8fon: +34 690 68 98 10 Correu electr\u00f2nic: info@pastura.com NIF\/CIF: No aplicable (projecte acad\u00e8mic) 2. Objecte del lloc web L\u2019objectiu d\u2019aquest web \u00e9s presentar [&hellip;]<\/p>\n","protected":false},"author":236,"featured_media":0,"parent":0,"menu_order":0,"comment_status":"closed","ping_status":"closed","template":"","meta":{"_et_pb_use_builder":"","_et_pb_old_content":"","_et_gb_content_width":"","footnotes":""},"class_list":["post-2077","page","type-page","status-publish","hentry"],"yoast_head":"<!-- This site is optimized with the Yoast SEO plugin v27.1.1 - https:\/\/yoast.com\/product\/yoast-seo-wordpress\/ -->\n<title>AV\u00cdS LEGAL - Alex Altes<\/title>\n<meta name=\"robots\" content=\"index, follow, max-snippet:-1, max-image-preview:large, max-video-preview:-1\" \/>\n<link rel=\"canonical\" href=\"https:\/\/uoc.practicum.beroni.com\/alexaltes\/avis-legal\/\" \/>\n<meta property=\"og:locale\" content=\"es_ES\" \/>\n<meta property=\"og:type\" content=\"article\" \/>\n<meta property=\"og:title\" content=\"AV\u00cdS LEGAL - Alex Altes\" \/>\n<meta property=\"og:description\" content=\"AV\u00cdS LEGAL 1. Titularitat del lloc web Aquest lloc web correspon a: Nom comercial: Pastura | Ag\u00e8ncia Rural Naturalesa: Projecte acad\u00e8mic (simulaci\u00f3) Adre\u00e7a de contacte: C\/ Bisbe Lorenzana, 24, 17800 Olot Tel\u00e8fon: +34 690 68 98 10 Correu electr\u00f2nic: info@pastura.com NIF\/CIF: No aplicable (projecte acad\u00e8mic) 2. Objecte del lloc web L\u2019objectiu d\u2019aquest web \u00e9s presentar [&hellip;]\" \/>\n<meta property=\"og:url\" content=\"https:\/\/uoc.practicum.beroni.com\/alexaltes\/avis-legal\/\" \/>\n<meta property=\"og:site_name\" content=\"Alex Altes\" \/>\n<meta property=\"article:publisher\" content=\"https:\/\/www.facebook.com\/UOC.universitat\/?locale=es_ES\" \/>\n<meta property=\"article:modified_time\" content=\"2026-05-14T14:31:46+00:00\" \/>\n<meta name=\"twitter:card\" content=\"summary_large_image\" \/>\n<meta name=\"twitter:label1\" content=\"Tiempo de lectura\" \/>\n\t<meta name=\"twitter:data1\" content=\"1 minuto\" \/>\n<script type=\"application\/ld+json\" class=\"yoast-schema-graph\">{\"@context\":\"https:\/\/schema.org\",\"@graph\":[{\"@type\":\"WebPage\",\"@id\":\"https:\/\/uoc.practicum.beroni.com\/alexaltes\/avis-legal\/\",\"url\":\"https:\/\/uoc.practicum.beroni.com\/alexaltes\/avis-legal\/\",\"name\":\"AV\u00cdS LEGAL - Alex Altes\",\"isPartOf\":{\"@id\":\"https:\/\/uoc.practicum.beroni.com\/alexaltes\/#website\"},\"datePublished\":\"2026-03-31T15:53:24+00:00\",\"dateModified\":\"2026-05-14T14:31:46+00:00\",\"breadcrumb\":{\"@id\":\"https:\/\/uoc.practicum.beroni.com\/alexaltes\/avis-legal\/#breadcrumb\"},\"inLanguage\":\"es\",\"potentialAction\":[{\"@type\":\"ReadAction\",\"target\":[\"https:\/\/uoc.practicum.beroni.com\/alexaltes\/avis-legal\/\"]}]},{\"@type\":\"BreadcrumbList\",\"@id\":\"https:\/\/uoc.practicum.beroni.com\/alexaltes\/avis-legal\/#breadcrumb\",\"itemListElement\":[{\"@type\":\"ListItem\",\"position\":1,\"name\":\"Portada\",\"item\":\"https:\/\/uoc.practicum.beroni.com\/alexaltes\/\"},{\"@type\":\"ListItem\",\"position\":2,\"name\":\"AV\u00cdS LEGAL\"}]},{\"@type\":\"WebSite\",\"@id\":\"https:\/\/uoc.practicum.beroni.com\/alexaltes\/#website\",\"url\":\"https:\/\/uoc.practicum.beroni.com\/alexaltes\/\",\"name\":\"Alex Altes\",\"description\":\"Ag\u00e8ncia Pastura impulsa un turisme rural m\u00e9s conscient connectant projectes del camp amb persones que volen viure experi\u00e8ncies aut\u00e8ntiques i sostenibles\",\"potentialAction\":[{\"@type\":\"SearchAction\",\"target\":{\"@type\":\"EntryPoint\",\"urlTemplate\":\"https:\/\/uoc.practicum.beroni.com\/alexaltes\/?s={search_term_string}\"},\"query-input\":{\"@type\":\"PropertyValueSpecification\",\"valueRequired\":true,\"valueName\":\"search_term_string\"}}],\"inLanguage\":\"es\"}]}<\/script>\n<!-- \/ Yoast SEO plugin. -->","yoast_head_json":{"title":"AV\u00cdS LEGAL - Alex Altes","robots":{"index":"index","follow":"follow","max-snippet":"max-snippet:-1","max-image-preview":"max-image-preview:large","max-video-preview":"max-video-preview:-1"},"canonical":"https:\/\/uoc.practicum.beroni.com\/alexaltes\/avis-legal\/","og_locale":"es_ES","og_type":"article","og_title":"AV\u00cdS LEGAL - Alex Altes","og_description":"AV\u00cdS LEGAL 1. Titularitat del lloc web Aquest lloc web correspon a: Nom comercial: Pastura | Ag\u00e8ncia Rural Naturalesa: Projecte acad\u00e8mic (simulaci\u00f3) Adre\u00e7a de contacte: C\/ Bisbe Lorenzana, 24, 17800 Olot Tel\u00e8fon: +34 690 68 98 10 Correu electr\u00f2nic: info@pastura.com NIF\/CIF: No aplicable (projecte acad\u00e8mic) 2. Objecte del lloc web L\u2019objectiu d\u2019aquest web \u00e9s presentar [&hellip;]","og_url":"https:\/\/uoc.practicum.beroni.com\/alexaltes\/avis-legal\/","og_site_name":"Alex Altes","article_publisher":"https:\/\/www.facebook.com\/UOC.universitat\/?locale=es_ES","article_modified_time":"2026-05-14T14:31:46+00:00","twitter_card":"summary_large_image","twitter_misc":{"Tiempo de lectura":"1 minuto"},"schema":{"@context":"https:\/\/schema.org","@graph":[{"@type":"WebPage","@id":"https:\/\/uoc.practicum.beroni.com\/alexaltes\/avis-legal\/","url":"https:\/\/uoc.practicum.beroni.com\/alexaltes\/avis-legal\/","name":"AV\u00cdS LEGAL - Alex Altes","isPartOf":{"@id":"https:\/\/uoc.practicum.beroni.com\/alexaltes\/#website"},"datePublished":"2026-03-31T15:53:24+00:00","dateModified":"2026-05-14T14:31:46+00:00","breadcrumb":{"@id":"https:\/\/uoc.practicum.beroni.com\/alexaltes\/avis-legal\/#breadcrumb"},"inLanguage":"es","potentialAction":[{"@type":"ReadAction","target":["https:\/\/uoc.practicum.beroni.com\/alexaltes\/avis-legal\/"]}]},{"@type":"BreadcrumbList","@id":"https:\/\/uoc.practicum.beroni.com\/alexaltes\/avis-legal\/#breadcrumb","itemListElement":[{"@type":"ListItem","position":1,"name":"Portada","item":"https:\/\/uoc.practicum.beroni.com\/alexaltes\/"},{"@type":"ListItem","position":2,"name":"AV\u00cdS LEGAL"}]},{"@type":"WebSite","@id":"https:\/\/uoc.practicum.beroni.com\/alexaltes\/#website","url":"https:\/\/uoc.practicum.beroni.com\/alexaltes\/","name":"Alex Altes","description":"Ag\u00e8ncia Pastura impulsa un turisme rural m\u00e9s conscient connectant projectes del camp amb persones que volen viure experi\u00e8ncies aut\u00e8ntiques i sostenibles","potentialAction":[{"@type":"SearchAction","target":{"@type":"EntryPoint","urlTemplate":"https:\/\/uoc.practicum.beroni.com\/alexaltes\/?s={search_term_string}"},"query-input":{"@type":"PropertyValueSpecification","valueRequired":true,"valueName":"search_term_string"}}],"inLanguage":"es"}]}},"_links":{"self":[{"href":"https:\/\/uoc.practicum.beroni.com\/alexaltes\/wp-json\/wp\/v2\/pages\/2077","targetHints":{"allow":["GET"]}}],"collection":[{"href":"https:\/\/uoc.practicum.beroni.com\/alexaltes\/wp-json\/wp\/v2\/pages"}],"about":[{"href":"https:\/\/uoc.practicum.beroni.com\/alexaltes\/wp-json\/wp\/v2\/types\/page"}],"author":[{"embeddable":true,"href":"https:\/\/uoc.practicum.beroni.com\/alexaltes\/wp-json\/wp\/v2\/users\/236"}],"replies":[{"embeddable":true,"href":"https:\/\/uoc.practicum.beroni.com\/alexaltes\/wp-json\/wp\/v2\/comments?post=2077"}],"version-history":[{"count":2,"href":"https:\/\/uoc.practicum.beroni.com\/alexaltes\/wp-json\/wp\/v2\/pages\/2077\/revisions"}],"predecessor-version":[{"id":2205,"href":"https:\/\/uoc.practicum.beroni.com\/alexaltes\/wp-json\/wp\/v2\/pages\/2077\/revisions\/2205"}],"wp:attachment":[{"href":"https:\/\/uoc.practicum.beroni.com\/alexaltes\/wp-json\/wp\/v2\/media?parent=2077"}],"curies":[{"name":"wp","href":"https:\/\/api.w.org\/{rel}","templated":true}]}}