{"id":2298,"date":"2026-05-13T17:38:31","date_gmt":"2026-05-13T17:38:31","guid":{"rendered":"https:\/\/uoc.practicum.beroni.com\/alexaltes\/?page_id=2298"},"modified":"2026-05-13T17:38:31","modified_gmt":"2026-05-13T17:38:31","slug":"itinerari-garrotxa-ripolles","status":"publish","type":"page","link":"https:\/\/uoc.practicum.beroni.com\/alexaltes\/itinerari-garrotxa-ripolles\/","title":{"rendered":"ITINERARI: GARROTXA + RIPOLL\u00c8S"},"content":{"rendered":"","protected":false},"excerpt":{"rendered":"","protected":false},"author":236,"featured_media":0,"parent":0,"menu_order":0,"comment_status":"closed","ping_status":"closed","template":"","meta":{"_et_pb_use_builder":"","_et_pb_old_content":"","_et_gb_content_width":"","footnotes":""},"class_list":["post-2298","page","type-page","status-publish","hentry"],"yoast_head":"<!-- This site is optimized with the Yoast SEO plugin v27.1.1 - https:\/\/yoast.com\/product\/yoast-seo-wordpress\/ -->\n<title>ITINERARI: GARROTXA + RIPOLL\u00c8S - Alex Altes<\/title>\n<meta name=\"robots\" content=\"index, follow, max-snippet:-1, max-image-preview:large, max-video-preview:-1\" \/>\n<link rel=\"canonical\" href=\"https:\/\/uoc.practicum.beroni.com\/alexaltes\/itinerari-garrotxa-ripolles\/\" \/>\n<meta property=\"og:locale\" content=\"es_ES\" \/>\n<meta property=\"og:type\" content=\"article\" \/>\n<meta property=\"og:title\" content=\"ITINERARI: GARROTXA + RIPOLL\u00c8S - Alex Altes\" \/>\n<meta property=\"og:url\" content=\"https:\/\/uoc.practicum.beroni.com\/alexaltes\/itinerari-garrotxa-ripolles\/\" \/>\n<meta property=\"og:site_name\" content=\"Alex Altes\" \/>\n<meta property=\"article:publisher\" content=\"https:\/\/www.facebook.com\/UOC.universitat\/?locale=es_ES\" \/>\n<meta name=\"twitter:card\" content=\"summary_large_image\" \/>\n<script type=\"application\/ld+json\" class=\"yoast-schema-graph\">{\"@context\":\"https:\/\/schema.org\",\"@graph\":[{\"@type\":\"WebPage\",\"@id\":\"https:\/\/uoc.practicum.beroni.com\/alexaltes\/itinerari-garrotxa-ripolles\/\",\"url\":\"https:\/\/uoc.practicum.beroni.com\/alexaltes\/itinerari-garrotxa-ripolles\/\",\"name\":\"ITINERARI: GARROTXA + RIPOLL\u00c8S - Alex Altes\",\"isPartOf\":{\"@id\":\"https:\/\/uoc.practicum.beroni.com\/alexaltes\/#website\"},\"datePublished\":\"2026-05-13T17:38:31+00:00\",\"breadcrumb\":{\"@id\":\"https:\/\/uoc.practicum.beroni.com\/alexaltes\/itinerari-garrotxa-ripolles\/#breadcrumb\"},\"inLanguage\":\"es\",\"potentialAction\":[{\"@type\":\"ReadAction\",\"target\":[\"https:\/\/uoc.practicum.beroni.com\/alexaltes\/itinerari-garrotxa-ripolles\/\"]}]},{\"@type\":\"BreadcrumbList\",\"@id\":\"https:\/\/uoc.practicum.beroni.com\/alexaltes\/itinerari-garrotxa-ripolles\/#breadcrumb\",\"itemListElement\":[{\"@type\":\"ListItem\",\"position\":1,\"name\":\"Portada\",\"item\":\"https:\/\/uoc.practicum.beroni.com\/alexaltes\/\"},{\"@type\":\"ListItem\",\"position\":2,\"name\":\"ITINERARI: GARROTXA + RIPOLL\u00c8S\"}]},{\"@type\":\"WebSite\",\"@id\":\"https:\/\/uoc.practicum.beroni.com\/alexaltes\/#website\",\"url\":\"https:\/\/uoc.practicum.beroni.com\/alexaltes\/\",\"name\":\"Alex Altes\",\"description\":\"Ag\u00e8ncia Pastura impulsa un turisme rural m\u00e9s conscient connectant projectes del camp amb persones que volen viure experi\u00e8ncies aut\u00e8ntiques i sostenibles\",\"potentialAction\":[{\"@type\":\"SearchAction\",\"target\":{\"@type\":\"EntryPoint\",\"urlTemplate\":\"https:\/\/uoc.practicum.beroni.com\/alexaltes\/?s={search_term_string}\"},\"query-input\":{\"@type\":\"PropertyValueSpecification\",\"valueRequired\":true,\"valueName\":\"search_term_string\"}}],\"inLanguage\":\"es\"}]}<\/script>\n<!-- \/ Yoast SEO plugin. -->","yoast_head_json":{"title":"ITINERARI: GARROTXA + RIPOLL\u00c8S - Alex Altes","robots":{"index":"index","follow":"follow","max-snippet":"max-snippet:-1","max-image-preview":"max-image-preview:large","max-video-preview":"max-video-preview:-1"},"canonical":"https:\/\/uoc.practicum.beroni.com\/alexaltes\/itinerari-garrotxa-ripolles\/","og_locale":"es_ES","og_type":"article","og_title":"ITINERARI: GARROTXA + RIPOLL\u00c8S - Alex Altes","og_url":"https:\/\/uoc.practicum.beroni.com\/alexaltes\/itinerari-garrotxa-ripolles\/","og_site_name":"Alex Altes","article_publisher":"https:\/\/www.facebook.com\/UOC.universitat\/?locale=es_ES","twitter_card":"summary_large_image","schema":{"@context":"https:\/\/schema.org","@graph":[{"@type":"WebPage","@id":"https:\/\/uoc.practicum.beroni.com\/alexaltes\/itinerari-garrotxa-ripolles\/","url":"https:\/\/uoc.practicum.beroni.com\/alexaltes\/itinerari-garrotxa-ripolles\/","name":"ITINERARI: GARROTXA + RIPOLL\u00c8S - Alex Altes","isPartOf":{"@id":"https:\/\/uoc.practicum.beroni.com\/alexaltes\/#website"},"datePublished":"2026-05-13T17:38:31+00:00","breadcrumb":{"@id":"https:\/\/uoc.practicum.beroni.com\/alexaltes\/itinerari-garrotxa-ripolles\/#breadcrumb"},"inLanguage":"es","potentialAction":[{"@type":"ReadAction","target":["https:\/\/uoc.practicum.beroni.com\/alexaltes\/itinerari-garrotxa-ripolles\/"]}]},{"@type":"BreadcrumbList","@id":"https:\/\/uoc.practicum.beroni.com\/alexaltes\/itinerari-garrotxa-ripolles\/#breadcrumb","itemListElement":[{"@type":"ListItem","position":1,"name":"Portada","item":"https:\/\/uoc.practicum.beroni.com\/alexaltes\/"},{"@type":"ListItem","position":2,"name":"ITINERARI: GARROTXA + RIPOLL\u00c8S"}]},{"@type":"WebSite","@id":"https:\/\/uoc.practicum.beroni.com\/alexaltes\/#website","url":"https:\/\/uoc.practicum.beroni.com\/alexaltes\/","name":"Alex Altes","description":"Ag\u00e8ncia Pastura impulsa un turisme rural m\u00e9s conscient connectant projectes del camp amb persones que volen viure experi\u00e8ncies aut\u00e8ntiques i sostenibles","potentialAction":[{"@type":"SearchAction","target":{"@type":"EntryPoint","urlTemplate":"https:\/\/uoc.practicum.beroni.com\/alexaltes\/?s={search_term_string}"},"query-input":{"@type":"PropertyValueSpecification","valueRequired":true,"valueName":"search_term_string"}}],"inLanguage":"es"}]}},"_links":{"self":[{"href":"https:\/\/uoc.practicum.beroni.com\/alexaltes\/wp-json\/wp\/v2\/pages\/2298","targetHints":{"allow":["GET"]}}],"collection":[{"href":"https:\/\/uoc.practicum.beroni.com\/alexaltes\/wp-json\/wp\/v2\/pages"}],"about":[{"href":"https:\/\/uoc.practicum.beroni.com\/alexaltes\/wp-json\/wp\/v2\/types\/page"}],"author":[{"embeddable":true,"href":"https:\/\/uoc.practicum.beroni.com\/alexaltes\/wp-json\/wp\/v2\/users\/236"}],"replies":[{"embeddable":true,"href":"https:\/\/uoc.practicum.beroni.com\/alexaltes\/wp-json\/wp\/v2\/comments?post=2298"}],"version-history":[{"count":1,"href":"https:\/\/uoc.practicum.beroni.com\/alexaltes\/wp-json\/wp\/v2\/pages\/2298\/revisions"}],"predecessor-version":[{"id":2299,"href":"https:\/\/uoc.practicum.beroni.com\/alexaltes\/wp-json\/wp\/v2\/pages\/2298\/revisions\/2299"}],"wp:attachment":[{"href":"https:\/\/uoc.practicum.beroni.com\/alexaltes\/wp-json\/wp\/v2\/media?parent=2298"}],"curies":[{"name":"wp","href":"https:\/\/api.w.org\/{rel}","templated":true}]}}